{"id":66,"date":"2019-06-18T15:42:17","date_gmt":"2019-06-18T06:42:17","guid":{"rendered":"http:\/\/wagashi.houraiya.co.jp\/wp\/wordpress\/?page_id=66"},"modified":"2026-03-20T15:01:05","modified_gmt":"2026-03-20T06:01:05","slug":"%e7%b4%85%e7%99%bd%e9%a5%85%e9%a0%ad","status":"publish","type":"page","link":"https:\/\/wagashi.houraiya.co.jp\/?page_id=66","title":{"rendered":"\u7d05\u767d\u9945\u982d"},"content":{"rendered":"\n<figure class=\"wp-block-image is-resized\"><img loading=\"lazy\" decoding=\"async\" width=\"400\" height=\"302\" src=\"http:\/\/wagashi.houraiya.co.jp\/wp\/wordpress\/wp-content\/uploads\/2019\/06\/manjyu2koiri.jpg\" alt=\"\" class=\"wp-image-67\" style=\"width:647px;height:488px\" srcset=\"https:\/\/wagashi.houraiya.co.jp\/wp\/wordpress\/wp-content\/uploads\/2019\/06\/manjyu2koiri.jpg 400w, https:\/\/wagashi.houraiya.co.jp\/wp\/wordpress\/wp-content\/uploads\/2019\/06\/manjyu2koiri-300x227.jpg 300w\" sizes=\"auto, (max-width: 400px) 100vw, 400px\" \/><\/figure>\n\n\n\n<p>\n\n\t\t\t\t\t\t\u7d05\u767d\u9945\u982d\u306f\u5bb6\u5ead\u3067\u306e\u304a\u795d\u3044\u4e8b\u3001\u4f1a\u793e\u3067\u306e\u8a18\u5ff5\u65e5\u3001\u5b66\u6821\u306e\u5165\u5b66\u5f0f\u3001\u5352\u696d\u5f0f\u7b49\u3001\u795d\u3044\u4e8b\u306e\u5b9a\u756a\u5546\u54c1\u3067\u3059\u3002\n\t\t\t\t\t\t<\/p>\n\n\n\n<p><strong>\u7d05\u767d\u9945\u982d\u306e\u7a2e\u985e\u3068\u3057\u3066\u306f\u30fb\u30fb\u30fb\u30fb\u30fb<\/strong><br>\n\t\t\t\t\t\t\t\t\u5c0f\u9ea6\u9945\u982d\uff08\u76ae\u306b\u5c0f\u9ea6\u7c89\u3092\u4f7f\u3044\u307e\u3059\uff09\u30fb\u4e0a\u7528\u9945\u982d\uff08\u76ae\u306b\u4e0a\u7528\u7c89\u3001\u5c71\u3044\u3082\u3092\u4f7f\u3044\u307e\u3059\uff09<br>\n\t\t\t\t\t\t\t\t\u306e\uff12\u7a2e\u985e\u7528\u610f\u3044\u305f\u3057\u307e\u3059\u3002\u3002<\/p>\n\n\n\n<p><strong>\u304a\u7bb1\u306e\u30bf\u30a4\u30d7\u306f\u30fb\u30fb\u30fb\u30fb\u30fb\u30fb<\/strong><br> \uff12\u30f6\u5165(\u7d05\u767d\u5404\uff11\u500b)\u30fb\uff15\u30f6\u5165\uff08\u7d05\uff12\u500b\u3000\u767d\uff13\u500b\uff09\u304c\u3054\u3056\u3044\u307e\u3059\u3002\u5927\u304d\u3055\u3082\u8272\u3005\u3042\u308a\u307e\u3059\u306e\u3067\u3054\u4e88\u7b97\u306b\u5fdc\u3058\u3066\u3054\u7528\u547d\u304f\u3060\u3055\u3044\u3002<\/p>\n\n\n\n<p><strong>\u306e\u3057\u7d19\u306b\u306f\u30fb\u30fb\u30fb\u30fb\u30fb\u30fb\u30fb<\/strong><br>\n\t\t\t\t\t\t\t\t\u3054\u7528\u9014\u306b\u3042\u308f\u305b\u540d\u5165\u308c\u3092\u81f4\u3057\u307e\u3059\u3002\uff08\u30b5\u30fc\u30d3\u30b9\uff09<\/p>\n\n\n\n<p><strong>\u30aa\u30ea\u30b8\u30ca\u30eb\u306e\u713c\u304d\u5370\u3092\u3054\u5e0c\u671b\u306e\u304a\u5ba2\u69d8\u306f\u30fb\u30fb\u30fb\u30fb<br>\n\t\t\t\t\t\t\t\t<\/strong>\u30aa\u30ea\u30b8\u30ca\u30eb\u306e\u713c\u304d\u5370\u3092\u5236\u4f5c\u3057\u3001\u304a\u9945\u982d\u306b\u62bc\u3057\u307e\u3059\u3002\uff08\u713c\u304d\u5370\u306f\uff11\u4e07\u5186\u304b\u3089\uff12\u4e07\u5186\u524d\u5f8c\uff08\u56f3\u67c4\u3001\u5927\u304d\u3055\u3067\u91d1\u984d\u304c\u6c7a\u307e\u308a\u307e\u3059\uff09\u3067\u304a\u4f5c\u308a\u3067\u304d\u307e\u3059\u3002\u4f5c\u6210\u306b\u306f\uff11\uff15\u65e5\u3050\u3089\u3044\u304b\u304b\u308a\u307e\u3059\u3002\u56f3\u67c4\u306e\u30c7\u30fc\u30bf\u3092\u3001\u30c7\u30b8\u30bf\u30eb\u30c7\u30fc\u30bf\u3067\u3044\u305f\u3060\u3051\u308c\u3070\u4f5c\u6210\u65e5\u6570\u3092\u77ed\u7e2e\u3067\u304d\u308b\u5834\u5408\u304c\u3042\u308a\u307e\u3059\u306e\u3067\u3054\u76f8\u8ac7\u304f\u3060\u3055\u3044\u3002\u713c\u304d\u5370\u306f\u3001\u56f3\u67c4\u304c\u7d30\u304b\u304f\u306a\u308b\u3068\u3046\u307e\u304f\u713c\u3051\u307e\u305b\u3093\u304c\u3001\u4e0a\u7528\u9945\u982d\u306e\u307b\u3046\u304c\u76ae\u306e\u304d\u3081\u304c\u7d30\u304b\u3044\u5206\u6bd4\u8f03\u7684\u3046\u307e\u304f\u713c\u3051\u307e\u3059\u3002\u307e\u305f\u3001\u713c\u304b\u305a\u306b\u6842\u76ae\u672b\uff08\u30b7\u30ca\u30e2\u30f3\u306e\u7c89\u672b\uff09\u3092\u5229\u7528\u3059\u308c\u3070\u304b\u306a\u308a\u7d30\u304b\u3044\u90e8\u5206\u307e\u3067\u7dba\u9e97\u306b\u51fa\u307e\u3059\u3002\uff09<\/p>\n\n\n\n<div class=\"wp-block-columns is-layout-flex wp-container-core-columns-is-layout-9d6595d7 wp-block-columns-is-layout-flex\">\n<div class=\"wp-block-column is-layout-flow wp-block-column-is-layout-flow\">\n<figure class=\"wp-block-image size-large\"><img loading=\"lazy\" decoding=\"async\" width=\"315\" height=\"236\" src=\"http:\/\/wagashi.houraiya.co.jp\/wp\/wordpress\/wp-content\/uploads\/2019\/06\/yakiin_mihon.jpg\" alt=\"\" class=\"wp-image-68\" srcset=\"https:\/\/wagashi.houraiya.co.jp\/wp\/wordpress\/wp-content\/uploads\/2019\/06\/yakiin_mihon.jpg 315w, https:\/\/wagashi.houraiya.co.jp\/wp\/wordpress\/wp-content\/uploads\/2019\/06\/yakiin_mihon-300x225.jpg 300w\" sizes=\"auto, (max-width: 315px) 100vw, 315px\" \/><\/figure>\n<\/div>\n\n\n\n<div class=\"wp-block-column is-layout-flow wp-block-column-is-layout-flow\">\n<p>\n\u5de6\u306e\u5199\u771f\u306f\u3001\u305d\u308c\u305e\u308c\u306e\u7a2e\u985e\u306e\u304a\u9945\u982d\u306b\u3001\u713c\u5370\u3068\u6842\u76ae\u672b\u3092\u62bc\u3057\u305f\u4f8b\u3067\u3059\u3002<\/p>\n\n\n\n<p>\u5de6\u4e0a\uff1a\u5c0f\u9ea6\u9945\u982d\u306b\u713c\u5370\u3092\u62bc\u3057\u305f\u3082\u306e\u3002<br>\u5de6\u4e0b\uff1a\u5c0f\u9ea6\u9945\u982d\u306b\u6842\u76ae\u672b\u3092\u4ed8\u3051\u305f\u3082\u306e\u3002<\/p>\n\n\n\n<p>\u53f3\u4e0a\uff1a\u4e0a\u7528\u9945\u982d\u306b\u713c\u5370\u3092\u62bc\u3057\u305f\u3082\u306e\u3002<br>\u53f3\u4e0b\uff1a\u5c0f\u9ea6\u9945\u982d\u306b\u6842\u76ae\u672b\u3092\u4ed8\u3051\u305f\u3082\u306e\u3002\n\n<\/p>\n<\/div>\n<\/div>\n\n\n\n<figure class=\"wp-block-table is-style-stripes\"><table class=\"has-background\" style=\"background-color:#e7f5fe\"><tbody><tr><td><\/td><td><\/td><td>\u5c0f\u9ea6\u9945\u982d<\/td><td>\u4e0a\u7528\u9945\u982d<\/td><\/tr><tr><td>\u30bf\u30a4\u30d7<\/td><td>\u6298\u306e\u30b5\u30a4\u30ba\u3000\u5bf8\u3000(cm)<\/td><td>\u4fa1\u683c(\u7a0e\u8fbc)<\/td><td>\u4fa1\u683c(\u7a0e\u8fbc)<\/td><\/tr><tr><td>\uff12\u500b\u5165<\/td><td>4.3\u00d72.2\u00d71.6(13.0\u00d76.5\u00d74.8)<\/td><td>\\648<\/td><td>\\908<\/td><\/tr><tr><td>2\u500b\u5165<\/td><td>4.5\u00d72.3\u00d71.6(13.6\u00d77.0\u00d74.8)<\/td><td>\\778<\/td><td>\\1,037<\/td><\/tr><tr><td>2\u500b\u5165<\/td><td>4.8\u00d72.4\u00d71.7(14.5\u00d77.3\u00d75.0)<\/td><td>\\908<\/td><td>\\1,188<\/td><\/tr><tr><td>2\u500b\u5165<\/td><td>5.0\u00d72.6\u00d71.8(15.0\u00d77.8\u00d75.4)<\/td><td>\\1,037<\/td><td>\\1,350<\/td><\/tr><tr><td>5\u500b\u5165<\/td><td>5.0\u00d75.0\u00d71.7(15.0\u00d715.0\u00d75.0)<\/td><td>\\1,458<\/td><td>\\2,160<\/td><\/tr><tr><td>5\u500b\u5165<\/td><td>5.5\u00d75.5\u00d71.7(16.5\u00d716.5\u00d75.0)<\/td><td>\\2,052<\/td><td>\\2,808<\/td><\/tr><\/tbody><\/table><\/figure>\n\n\n\n<p><\/p>\n","protected":false},"excerpt":{"rendered":"<p>\u7d05\u767d\u9945\u982d\u306f\u5bb6\u5ead\u3067\u306e\u304a\u795d\u3044\u4e8b\u3001\u4f1a\u793e\u3067\u306e\u8a18\u5ff5\u65e5\u3001\u5b66\u6821\u306e\u5165\u5b66\u5f0f\u3001\u5352\u696d\u5f0f\u7b49\u3001\u795d\u3044\u4e8b\u306e\u5b9a\u756a\u5546\u54c1\u3067\u3059\u3002 \u7d05\u767d\u9945\u982d\u306e\u7a2e\u985e\u3068\u3057\u3066\u306f\u30fb\u30fb\u30fb\u30fb\u30fb \u5c0f\u9ea6\u9945\u982d\uff08\u76ae\u306b\u5c0f\u9ea6\u7c89\u3092\u4f7f\u3044\u307e\u3059\uff09\u30fb\u4e0a\u7528\u9945\u982d\uff08\u76ae\u306b\u4e0a\u7528\u7c89\u3001\u5c71\u3044\u3082\u3092\u4f7f\u3044\u307e\u3059\uff09 \u306e\uff12\u7a2e\u985e\u7528\u610f\u3044\u305f\u3057 [&hellip;]<\/p>\n","protected":false},"author":1,"featured_media":0,"parent":53,"menu_order":2,"comment_status":"closed","ping_status":"closed","template":"","meta":{"vkexunit_cta_each_option":"","footnotes":""},"class_list":["post-66","page","type-page","status-publish","hentry"],"_links":{"self":[{"href":"https:\/\/wagashi.houraiya.co.jp\/index.php?rest_route=\/wp\/v2\/pages\/66","targetHints":{"allow":["GET"]}}],"collection":[{"href":"https:\/\/wagashi.houraiya.co.jp\/index.php?rest_route=\/wp\/v2\/pages"}],"about":[{"href":"https:\/\/wagashi.houraiya.co.jp\/index.php?rest_route=\/wp\/v2\/types\/page"}],"author":[{"embeddable":true,"href":"https:\/\/wagashi.houraiya.co.jp\/index.php?rest_route=\/wp\/v2\/users\/1"}],"replies":[{"embeddable":true,"href":"https:\/\/wagashi.houraiya.co.jp\/index.php?rest_route=%2Fwp%2Fv2%2Fcomments&post=66"}],"version-history":[{"count":8,"href":"https:\/\/wagashi.houraiya.co.jp\/index.php?rest_route=\/wp\/v2\/pages\/66\/revisions"}],"predecessor-version":[{"id":2333,"href":"https:\/\/wagashi.houraiya.co.jp\/index.php?rest_route=\/wp\/v2\/pages\/66\/revisions\/2333"}],"up":[{"embeddable":true,"href":"https:\/\/wagashi.houraiya.co.jp\/index.php?rest_route=\/wp\/v2\/pages\/53"}],"wp:attachment":[{"href":"https:\/\/wagashi.houraiya.co.jp\/index.php?rest_route=%2Fwp%2Fv2%2Fmedia&parent=66"}],"curies":[{"name":"wp","href":"https:\/\/api.w.org\/{rel}","templated":true}]}}